{"id":3260,"date":"2023-06-12T10:17:15","date_gmt":"2023-06-12T08:17:15","guid":{"rendered":"https:\/\/www.lova-rgym.com\/?post_type=product&#038;p=3260"},"modified":"2023-06-12T10:17:15","modified_gmt":"2023-06-12T08:17:15","slug":"airbeam-poutre-gonflable-rose-5-metres","status":"publish","type":"product","link":"https:\/\/www.lova-rgym.com\/?product=airbeam-poutre-gonflable-rose-5-metres","title":{"rendered":"Airbeam &#8211; poutre gonflable rose 5 m\u00e8tres"},"content":{"rendered":"<p>Airbeam &#8211; poutre gonflable de 5 m\u00e8tres : Dimensions : 500X40X10 cm.<\/p>\n<p>Pompe \u00e0 pied et kit r\u00e9paration fournis avec la poutre.<\/p>\n","protected":false},"excerpt":{"rendered":"<p>Airbeam &#8211; poutre gonflable de 5 m\u00e8tres : Dimensions : 500X40X10 cm. Pompe \u00e0 pied et kit r\u00e9paration fournis avec la poutre.<\/p>\n","protected":false},"featured_media":3261,"template":"","meta":{"_eb_attr":"","site-sidebar-layout":"default","site-content-layout":"default","ast-global-header-display":"","ast-banner-title-visibility":"","ast-main-header-display":"","ast-hfb-above-header-display":"","ast-hfb-below-header-display":"","ast-hfb-mobile-header-display":"","site-post-title":"","ast-breadcrumbs-content":"","ast-featured-img":"","footer-sml-layout":"","theme-transparent-header-meta":"default","adv-header-id-meta":"","stick-header-meta":"","header-above-stick-meta":"","header-main-stick-meta":"","header-below-stick-meta":""},"product_cat":[88],"product_tag":[],"class_list":{"0":"post-3260","1":"product","2":"type-product","3":"status-publish","4":"has-post-thumbnail","6":"product_cat-accessoire-gaf","7":"desktop-align-left","8":"tablet-align-left","9":"mobile-align-left","11":"first","12":"instock","13":"shipping-taxable","14":"purchasable","15":"product-type-simple"},"yoast_head":"<!-- This site is optimized with the Yoast SEO plugin v21.6 - https:\/\/yoast.com\/wordpress\/plugins\/seo\/ -->\n<title>Airbeam - poutre gonflable rose 5 m\u00e8tres - LovaRgym &amp; Dance<\/title>\n<meta name=\"robots\" content=\"index, follow, max-snippet:-1, max-image-preview:large, max-video-preview:-1\" \/>\n<link rel=\"canonical\" href=\"https:\/\/www.lova-rgym.com\/?product=airbeam-poutre-gonflable-rose-5-metres\" \/>\n<meta property=\"og:locale\" content=\"fr_FR\" \/>\n<meta property=\"og:type\" content=\"article\" \/>\n<meta property=\"og:title\" content=\"Airbeam - poutre gonflable rose 5 m\u00e8tres - LovaRgym &amp; Dance\" \/>\n<meta property=\"og:description\" content=\"Airbeam &#8211; poutre gonflable de 5 m\u00e8tres : Dimensions : 500X40X10 cm. Pompe \u00e0 pied et kit r\u00e9paration fournis avec la poutre.\" \/>\n<meta property=\"og:url\" content=\"https:\/\/www.lova-rgym.com\/?product=airbeam-poutre-gonflable-rose-5-metres\" \/>\n<meta property=\"og:site_name\" content=\"LovaRgym &amp; Dance\" \/>\n<meta property=\"og:image\" content=\"https:\/\/www.lova-rgym.com\/wp-content\/uploads\/2023\/06\/1542724593airbeam_rose-1.jpg\" \/>\n\t<meta property=\"og:image:width\" content=\"300\" \/>\n\t<meta property=\"og:image:height\" content=\"300\" \/>\n\t<meta property=\"og:image:type\" content=\"image\/jpeg\" \/>\n<meta name=\"twitter:card\" content=\"summary_large_image\" \/>\n<script type=\"application\/ld+json\" class=\"yoast-schema-graph\">{\"@context\":\"https:\/\/schema.org\",\"@graph\":[{\"@type\":\"WebPage\",\"@id\":\"https:\/\/www.lova-rgym.com\/?product=airbeam-poutre-gonflable-rose-5-metres\",\"url\":\"https:\/\/www.lova-rgym.com\/?product=airbeam-poutre-gonflable-rose-5-metres\",\"name\":\"Airbeam - poutre gonflable rose 5 m\u00e8tres - LovaRgym &amp; Dance\",\"isPartOf\":{\"@id\":\"https:\/\/www.lova-rgym.com\/#website\"},\"datePublished\":\"2023-06-12T08:17:15+00:00\",\"dateModified\":\"2023-06-12T08:17:15+00:00\",\"breadcrumb\":{\"@id\":\"https:\/\/www.lova-rgym.com\/?product=airbeam-poutre-gonflable-rose-5-metres#breadcrumb\"},\"inLanguage\":\"fr-FR\",\"potentialAction\":[{\"@type\":\"ReadAction\",\"target\":[\"https:\/\/www.lova-rgym.com\/?product=airbeam-poutre-gonflable-rose-5-metres\"]}]},{\"@type\":\"BreadcrumbList\",\"@id\":\"https:\/\/www.lova-rgym.com\/?product=airbeam-poutre-gonflable-rose-5-metres#breadcrumb\",\"itemListElement\":[{\"@type\":\"ListItem\",\"position\":1,\"name\":\"Accueil\",\"item\":\"https:\/\/www.lova-rgym.com\/\"},{\"@type\":\"ListItem\",\"position\":2,\"name\":\"Products\",\"item\":\"https:\/\/www.lova-rgym.com\/?post_type=product\"},{\"@type\":\"ListItem\",\"position\":3,\"name\":\"Airbeam &#8211; poutre gonflable rose 5 m\u00e8tres\"}]},{\"@type\":\"WebSite\",\"@id\":\"https:\/\/www.lova-rgym.com\/#website\",\"url\":\"https:\/\/www.lova-rgym.com\/\",\"name\":\"LovaRgym &amp; Dance\",\"description\":\"Lova\",\"potentialAction\":[{\"@type\":\"SearchAction\",\"target\":{\"@type\":\"EntryPoint\",\"urlTemplate\":\"https:\/\/www.lova-rgym.com\/?s={search_term_string}\"},\"query-input\":\"required name=search_term_string\"}],\"inLanguage\":\"fr-FR\"}]}<\/script>\n<!-- \/ Yoast SEO plugin. -->","yoast_head_json":{"title":"Airbeam - poutre gonflable rose 5 m\u00e8tres - LovaRgym &amp; Dance","robots":{"index":"index","follow":"follow","max-snippet":"max-snippet:-1","max-image-preview":"max-image-preview:large","max-video-preview":"max-video-preview:-1"},"canonical":"https:\/\/www.lova-rgym.com\/?product=airbeam-poutre-gonflable-rose-5-metres","og_locale":"fr_FR","og_type":"article","og_title":"Airbeam - poutre gonflable rose 5 m\u00e8tres - LovaRgym &amp; Dance","og_description":"Airbeam &#8211; poutre gonflable de 5 m\u00e8tres : Dimensions : 500X40X10 cm. Pompe \u00e0 pied et kit r\u00e9paration fournis avec la poutre.","og_url":"https:\/\/www.lova-rgym.com\/?product=airbeam-poutre-gonflable-rose-5-metres","og_site_name":"LovaRgym &amp; Dance","og_image":[{"width":300,"height":300,"url":"https:\/\/www.lova-rgym.com\/wp-content\/uploads\/2023\/06\/1542724593airbeam_rose-1.jpg","type":"image\/jpeg"}],"twitter_card":"summary_large_image","schema":{"@context":"https:\/\/schema.org","@graph":[{"@type":"WebPage","@id":"https:\/\/www.lova-rgym.com\/?product=airbeam-poutre-gonflable-rose-5-metres","url":"https:\/\/www.lova-rgym.com\/?product=airbeam-poutre-gonflable-rose-5-metres","name":"Airbeam - poutre gonflable rose 5 m\u00e8tres - LovaRgym &amp; Dance","isPartOf":{"@id":"https:\/\/www.lova-rgym.com\/#website"},"datePublished":"2023-06-12T08:17:15+00:00","dateModified":"2023-06-12T08:17:15+00:00","breadcrumb":{"@id":"https:\/\/www.lova-rgym.com\/?product=airbeam-poutre-gonflable-rose-5-metres#breadcrumb"},"inLanguage":"fr-FR","potentialAction":[{"@type":"ReadAction","target":["https:\/\/www.lova-rgym.com\/?product=airbeam-poutre-gonflable-rose-5-metres"]}]},{"@type":"BreadcrumbList","@id":"https:\/\/www.lova-rgym.com\/?product=airbeam-poutre-gonflable-rose-5-metres#breadcrumb","itemListElement":[{"@type":"ListItem","position":1,"name":"Accueil","item":"https:\/\/www.lova-rgym.com\/"},{"@type":"ListItem","position":2,"name":"Products","item":"https:\/\/www.lova-rgym.com\/?post_type=product"},{"@type":"ListItem","position":3,"name":"Airbeam &#8211; poutre gonflable rose 5 m\u00e8tres"}]},{"@type":"WebSite","@id":"https:\/\/www.lova-rgym.com\/#website","url":"https:\/\/www.lova-rgym.com\/","name":"LovaRgym &amp; Dance","description":"Lova","potentialAction":[{"@type":"SearchAction","target":{"@type":"EntryPoint","urlTemplate":"https:\/\/www.lova-rgym.com\/?s={search_term_string}"},"query-input":"required name=search_term_string"}],"inLanguage":"fr-FR"}]}},"_links":{"self":[{"href":"https:\/\/www.lova-rgym.com\/index.php?rest_route=\/wp\/v2\/product\/3260","targetHints":{"allow":["GET"]}}],"collection":[{"href":"https:\/\/www.lova-rgym.com\/index.php?rest_route=\/wp\/v2\/product"}],"about":[{"href":"https:\/\/www.lova-rgym.com\/index.php?rest_route=\/wp\/v2\/types\/product"}],"wp:featuredmedia":[{"embeddable":true,"href":"https:\/\/www.lova-rgym.com\/index.php?rest_route=\/wp\/v2\/media\/3261"}],"wp:attachment":[{"href":"https:\/\/www.lova-rgym.com\/index.php?rest_route=%2Fwp%2Fv2%2Fmedia&parent=3260"}],"wp:term":[{"taxonomy":"product_cat","embeddable":true,"href":"https:\/\/www.lova-rgym.com\/index.php?rest_route=%2Fwp%2Fv2%2Fproduct_cat&post=3260"},{"taxonomy":"product_tag","embeddable":true,"href":"https:\/\/www.lova-rgym.com\/index.php?rest_route=%2Fwp%2Fv2%2Fproduct_tag&post=3260"}],"curies":[{"name":"wp","href":"https:\/\/api.w.org\/{rel}","templated":true}]}}