{"id":3804,"date":"2023-06-14T10:18:57","date_gmt":"2023-06-14T08:18:57","guid":{"rendered":"https:\/\/www.lova-rgym.com\/?page_id=3804"},"modified":"2023-06-14T10:25:07","modified_gmt":"2023-06-14T08:25:07","slug":"conditions-generales-et-politique-de-confidentialite","status":"publish","type":"page","link":"https:\/\/www.lova-rgym.com\/?page_id=3804","title":{"rendered":"Conditions g\u00e9n\u00e9rales et politique de confidentialit\u00e9"},"content":{"rendered":"\t\t<div data-elementor-type=\"wp-page\" data-elementor-id=\"3804\" class=\"elementor elementor-3804\" data-elementor-post-type=\"page\">\n\t\t\t\t<div class=\"elementor-element elementor-element-0a118c8 e-flex e-con-boxed e-con e-parent\" data-id=\"0a118c8\" data-element_type=\"container\">\n\t\t\t\t\t<div class=\"e-con-inner\">\n\t\t\t\t<div class=\"elementor-element elementor-element-471699e elementor-widget elementor-widget-text-editor\" data-id=\"471699e\" data-element_type=\"widget\" data-widget_type=\"text-editor.default\">\n\t\t\t\t<div class=\"elementor-widget-container\">\n\t\t\t<style>\/*! elementor - v3.23.0 - 05-08-2024 *\/\n.elementor-widget-text-editor.elementor-drop-cap-view-stacked .elementor-drop-cap{background-color:#69727d;color:#fff}.elementor-widget-text-editor.elementor-drop-cap-view-framed .elementor-drop-cap{color:#69727d;border:3px solid;background-color:transparent}.elementor-widget-text-editor:not(.elementor-drop-cap-view-default) .elementor-drop-cap{margin-top:8px}.elementor-widget-text-editor:not(.elementor-drop-cap-view-default) .elementor-drop-cap-letter{width:1em;height:1em}.elementor-widget-text-editor .elementor-drop-cap{float:left;text-align:center;line-height:1;font-size:50px}.elementor-widget-text-editor .elementor-drop-cap-letter{display:inline-block}<\/style>\t\t\t\t<header><h1>Conditions g\u00e9n\u00e9rales et politique de confidentialit\u00e9<\/h1><\/header><section class=\"entry\"><h2 id=\"block-e78b4ad9-ba33-42ce-8556-608ab3b4e392\" class=\"block-editor-rich-text__editable block-editor-block-list__block wp-block is-selected is-typing rich-text\" tabindex=\"0\" role=\"group\" contenteditable=\"true\" aria-multiline=\"true\" aria-label=\"Bloc : Titre\" data-block=\"e78b4ad9-ba33-42ce-8556-608ab3b4e392\" data-type=\"core\/heading\" data-title=\"Heading\"><strong data-rich-text-format-boundary=\"true\">G\u00e9n\u00e9ralit\u00e9s<\/strong><\/h2><p>PRIX<\/p><p>Tous les prix sont en euros et incluent la TVA.<\/p><p>LIVRAISON<\/p><p>Pour chaque adresse de livraison, une commande distincte doit \u00eatre pass\u00e9e. Les commandes sont g\u00e9n\u00e9ralement livr\u00e9es dans un d\u00e9lai de 1 \u00e0 5 jours ouvrables mais, si ce d\u00e9lai de livraison est d\u00e9pass\u00e9, l\u2019acheteur n\u2019a pas droit \u00e0 une indemnisation de la part de LovaRgym &amp; dance<\/p><p>Par d\u00e9faut, l\u2019exp\u00e9dition est sans suivi. Vous pouvez nous contacter pour une mise \u00e0 jour de l\u2019exp\u00e9dition, y compris le suivi.<\/p><p>PAIEMENT<\/p><p>Le paiement peut \u00eatre effectu\u00e9 par virement bancaire uniquement<\/p><p>\u00a0<\/p><h1 id=\"exchanges-and-returns\" class=\"wp-block-heading\"><strong>\u00c9changes et retours<\/strong><\/h1><p><strong>DROIT DE R\u00c9TRACTATION<\/strong><\/p><p>Le Client a le droit de r\u00e9silier le Contrat sans avoir \u00e0 payer de frais ou \u00e0 donner d\u2019explications dans les 14 jours suivant la livraison des Produits. Le Client doit lui-m\u00eame renvoyer les produits livr\u00e9s \u00e0 ses frais. Les Produits doivent \u00eatre re\u00e7us dans les m\u00eames conditions qu\u2019ils avaient \u00e9t\u00e9 envoy\u00e9s au Client. Si le droit de r\u00e9tractation est exerc\u00e9 par le client conform\u00e9ment aux r\u00e8gles \u00e9nonc\u00e9es dans la l\u00e9gislation europ\u00e9enne, nous prendrons soin de rembourser le montant pay\u00e9 par le client pour l\u2019achat. Le Client ne peut exercer le droit de r\u00e9tractation susmentionn\u00e9 pour les Produits sur mesure ou personnalis\u00e9s.<\/p><p>Nous ne garantissons pas la correspondance entre la couleur r\u00e9elle de l\u2019article et la couleur affich\u00e9e sur votre \u00e9cran d\u2019ordinateur.<\/p><p>\u00a0<\/p><p>\u00a0<\/p><h1 id=\"guarantee\" class=\"wp-block-heading\"><strong>Garantie<\/strong><\/h1><p>Lors de la livraison, l\u2019acheteur a l\u2019obligation de v\u00e9rifier les produits et d\u2019informer LovaRgym &amp; dance\u00a0 dans les 5 jours ouvrables si les produits ne sont pas conformes au contrat. Apr\u00e8s l\u2019expiration du terme, l\u2019acheteur est consid\u00e9r\u00e9 comme ayant accept\u00e9 les marchandises.<\/p><p>La validit\u00e9 de la garantie est subordonn\u00e9e au fait que les articles ont \u00e9t\u00e9 utilis\u00e9s correctement et que les r\u00e8gles d\u2019utilisation et d\u2019entretien ont \u00e9t\u00e9 respect\u00e9es.<\/p><p>Les d\u00e9fauts caus\u00e9s par une manipulation incorrecte, l\u2019utilisation de la force, une charge excessive, la salet\u00e9 ou l\u2019humidit\u00e9 ne sont pas couverts par la garantie.<\/p><p>L\u2019absence d\u2019utilisation dans un tapis FIG non approuv\u00e9 alt\u00e9rera la garantie d\u00e8s le premier jour.<\/p><p>\u00c9tant des mat\u00e9riaux consommables, l\u2019usure esth\u00e9tique et physique normale due \u00e0 l\u2019utilisation n\u2019implique pas la garantie.<\/p><p>\u00a0<\/p><p>\u00a0<\/p><h1 id=\"privacy-policy\" class=\"wp-block-heading\">Politique de confidentialit\u00e9<\/h1><p>Derni\u00e8re mise \u00e0 jour le 11 f\u00e9vrier 2022.<\/p><p>Merci d\u2019avoir choisi de faire partie de notre communaut\u00e9 chez LovaRgym &amp; dance Nous nous engageons \u00e0 prot\u00e9ger vos renseignements personnels et votre droit \u00e0 la vie priv\u00e9e. Si vous avez des questions ou des pr\u00e9occupations concernant cet avis de confidentialit\u00e9 ou nos pratiques concernant vos informations personnelles, veuillez nous contacter \u00e0 rgym.lova@gmail.com<\/p><p>Cet avis de confidentialit\u00e9 d\u00e9crit comment nous pourrions utiliser vos informations si vous :<\/p><p><span>\u2013 visitez notre site Web \u00e0 <a href=\"https:\/\/www.lova-rgym.com\/\">https:\/\/www.lova-rgym.com\/<\/a><\/span><\/p><p>\u2013 s\u2019engager avec nous d\u2019autres mani\u00e8res connexes, y compris des ventes, du marketing ou des \u00e9v\u00e9nements.<\/p><p>Dans le pr\u00e9sent avis de confidentialit\u00e9, si nous faisons r\u00e9f\u00e9rence \u00e0 :<\/p><p>\u2013 \u00ab Site Web \u00bb, nous faisons r\u00e9f\u00e9rence \u00e0 l\u2019un de nos sites Web qui fait r\u00e9f\u00e9rence ou renvoie \u00e0 cette politique,<\/p><p>\u2013 \u00ab Services \u00bb, nous faisons r\u00e9f\u00e9rence \u00e0 notre site Web et \u00e0 d\u2019autres services connexes, y compris les ventes, le marketing ou les \u00e9v\u00e9nements.<\/p><p>Le but de cet avis de confidentialit\u00e9 est de vous expliquer de la mani\u00e8re la plus claire possible quelles informations nous recueillons, comment nous les utilisons et quels droits vous avez \u00e0 cet \u00e9gard. Si vous n\u2019\u00eates pas d\u2019accord avec des conditions dans cet avis de confidentialit\u00e9, veuillez cesser imm\u00e9diatement d\u2019utiliser nos Services.<\/p><p>Veuillez lire attentivement cet avis de confidentialit\u00e9, car il vous aidera \u00e0 comprendre ce que nous faisons avec les informations que nous recueillons.<\/p><\/section><p>LovaRgym &amp; Dance<\/p><p>\u00a0<\/p>\t\t\t\t\t\t<\/div>\n\t\t\t\t<\/div>\n\t\t\t\t\t<\/div>\n\t\t\t\t<\/div>\n\t\t\t\t<\/div>\n\t\t","protected":false},"excerpt":{"rendered":"<p>Conditions g\u00e9n\u00e9rales et politique de confidentialit\u00e9 G\u00e9n\u00e9ralit\u00e9s PRIX Tous les prix sont en euros et incluent la TVA. LIVRAISON Pour chaque adresse de livraison, une commande distincte doit \u00eatre pass\u00e9e. Les commandes sont g\u00e9n\u00e9ralement livr\u00e9es dans un d\u00e9lai de 1 \u00e0 5 jours ouvrables mais, si ce d\u00e9lai de livraison est d\u00e9pass\u00e9, l\u2019acheteur n\u2019a pas &hellip;<\/p>\n<p class=\"read-more\"> <a class=\"\" href=\"https:\/\/www.lova-rgym.com\/?page_id=3804\"> <span class=\"screen-reader-text\">Conditions g\u00e9n\u00e9rales et politique de confidentialit\u00e9<\/span> Lire la suite\u00a0\u00bb<\/a><\/p>\n","protected":false},"author":1,"featured_media":0,"parent":0,"menu_order":0,"comment_status":"closed","ping_status":"closed","template":"","meta":{"_eb_attr":"","site-sidebar-layout":"no-sidebar","site-content-layout":"page-builder","ast-global-header-display":"","ast-banner-title-visibility":"","ast-main-header-display":"","ast-hfb-above-header-display":"","ast-hfb-below-header-display":"","ast-hfb-mobile-header-display":"","site-post-title":"disabled","ast-breadcrumbs-content":"","ast-featured-img":"disabled","footer-sml-layout":"","theme-transparent-header-meta":"","adv-header-id-meta":"","stick-header-meta":"","header-above-stick-meta":"","header-main-stick-meta":"","header-below-stick-meta":"","footnotes":""},"class_list":["post-3804","page","type-page","status-publish","hentry"],"yoast_head":"<!-- This site is optimized with the Yoast SEO plugin v21.6 - https:\/\/yoast.com\/wordpress\/plugins\/seo\/ -->\n<title>Conditions g\u00e9n\u00e9rales et politique de confidentialit\u00e9 - LovaRgym &amp; Dance<\/title>\n<meta name=\"robots\" content=\"index, follow, max-snippet:-1, max-image-preview:large, max-video-preview:-1\" \/>\n<link rel=\"canonical\" href=\"https:\/\/www.lova-rgym.com\/?page_id=3804\" \/>\n<meta property=\"og:locale\" content=\"fr_FR\" \/>\n<meta property=\"og:type\" content=\"article\" \/>\n<meta property=\"og:title\" content=\"Conditions g\u00e9n\u00e9rales et politique de confidentialit\u00e9 - LovaRgym &amp; Dance\" \/>\n<meta property=\"og:description\" content=\"Conditions g\u00e9n\u00e9rales et politique de confidentialit\u00e9 G\u00e9n\u00e9ralit\u00e9s PRIX Tous les prix sont en euros et incluent la TVA. LIVRAISON Pour chaque adresse de livraison, une commande distincte doit \u00eatre pass\u00e9e. Les commandes sont g\u00e9n\u00e9ralement livr\u00e9es dans un d\u00e9lai de 1 \u00e0 5 jours ouvrables mais, si ce d\u00e9lai de livraison est d\u00e9pass\u00e9, l\u2019acheteur n\u2019a pas &hellip; Conditions g\u00e9n\u00e9rales et politique de confidentialit\u00e9 Lire la suite\u00a0\u00bb\" \/>\n<meta property=\"og:url\" content=\"https:\/\/www.lova-rgym.com\/?page_id=3804\" \/>\n<meta property=\"og:site_name\" content=\"LovaRgym &amp; Dance\" \/>\n<meta property=\"article:modified_time\" content=\"2023-06-14T08:25:07+00:00\" \/>\n<meta name=\"twitter:card\" content=\"summary_large_image\" \/>\n<meta name=\"twitter:label1\" content=\"Dur\u00e9e de lecture estim\u00e9e\" \/>\n\t<meta name=\"twitter:data1\" content=\"3 minutes\" \/>\n<script type=\"application\/ld+json\" class=\"yoast-schema-graph\">{\"@context\":\"https:\/\/schema.org\",\"@graph\":[{\"@type\":\"WebPage\",\"@id\":\"https:\/\/www.lova-rgym.com\/?page_id=3804\",\"url\":\"https:\/\/www.lova-rgym.com\/?page_id=3804\",\"name\":\"Conditions g\u00e9n\u00e9rales et politique de confidentialit\u00e9 - LovaRgym &amp; Dance\",\"isPartOf\":{\"@id\":\"http:\/\/www.lova-rgym.com\/#website\"},\"datePublished\":\"2023-06-14T08:18:57+00:00\",\"dateModified\":\"2023-06-14T08:25:07+00:00\",\"breadcrumb\":{\"@id\":\"https:\/\/www.lova-rgym.com\/?page_id=3804#breadcrumb\"},\"inLanguage\":\"fr-FR\",\"potentialAction\":[{\"@type\":\"ReadAction\",\"target\":[\"https:\/\/www.lova-rgym.com\/?page_id=3804\"]}]},{\"@type\":\"BreadcrumbList\",\"@id\":\"https:\/\/www.lova-rgym.com\/?page_id=3804#breadcrumb\",\"itemListElement\":[{\"@type\":\"ListItem\",\"position\":1,\"name\":\"Accueil\",\"item\":\"http:\/\/www.lova-rgym.com\/\"},{\"@type\":\"ListItem\",\"position\":2,\"name\":\"Conditions g\u00e9n\u00e9rales et politique de confidentialit\u00e9\"}]},{\"@type\":\"WebSite\",\"@id\":\"http:\/\/www.lova-rgym.com\/#website\",\"url\":\"http:\/\/www.lova-rgym.com\/\",\"name\":\"LovaRgym &amp; Dance\",\"description\":\"Lova\",\"potentialAction\":[{\"@type\":\"SearchAction\",\"target\":{\"@type\":\"EntryPoint\",\"urlTemplate\":\"http:\/\/www.lova-rgym.com\/?s={search_term_string}\"},\"query-input\":\"required name=search_term_string\"}],\"inLanguage\":\"fr-FR\"}]}<\/script>\n<!-- \/ Yoast SEO plugin. -->","yoast_head_json":{"title":"Conditions g\u00e9n\u00e9rales et politique de confidentialit\u00e9 - LovaRgym &amp; Dance","robots":{"index":"index","follow":"follow","max-snippet":"max-snippet:-1","max-image-preview":"max-image-preview:large","max-video-preview":"max-video-preview:-1"},"canonical":"https:\/\/www.lova-rgym.com\/?page_id=3804","og_locale":"fr_FR","og_type":"article","og_title":"Conditions g\u00e9n\u00e9rales et politique de confidentialit\u00e9 - LovaRgym &amp; Dance","og_description":"Conditions g\u00e9n\u00e9rales et politique de confidentialit\u00e9 G\u00e9n\u00e9ralit\u00e9s PRIX Tous les prix sont en euros et incluent la TVA. LIVRAISON Pour chaque adresse de livraison, une commande distincte doit \u00eatre pass\u00e9e. Les commandes sont g\u00e9n\u00e9ralement livr\u00e9es dans un d\u00e9lai de 1 \u00e0 5 jours ouvrables mais, si ce d\u00e9lai de livraison est d\u00e9pass\u00e9, l\u2019acheteur n\u2019a pas &hellip; Conditions g\u00e9n\u00e9rales et politique de confidentialit\u00e9 Lire la suite\u00a0\u00bb","og_url":"https:\/\/www.lova-rgym.com\/?page_id=3804","og_site_name":"LovaRgym &amp; Dance","article_modified_time":"2023-06-14T08:25:07+00:00","twitter_card":"summary_large_image","twitter_misc":{"Dur\u00e9e de lecture estim\u00e9e":"3 minutes"},"schema":{"@context":"https:\/\/schema.org","@graph":[{"@type":"WebPage","@id":"https:\/\/www.lova-rgym.com\/?page_id=3804","url":"https:\/\/www.lova-rgym.com\/?page_id=3804","name":"Conditions g\u00e9n\u00e9rales et politique de confidentialit\u00e9 - LovaRgym &amp; Dance","isPartOf":{"@id":"http:\/\/www.lova-rgym.com\/#website"},"datePublished":"2023-06-14T08:18:57+00:00","dateModified":"2023-06-14T08:25:07+00:00","breadcrumb":{"@id":"https:\/\/www.lova-rgym.com\/?page_id=3804#breadcrumb"},"inLanguage":"fr-FR","potentialAction":[{"@type":"ReadAction","target":["https:\/\/www.lova-rgym.com\/?page_id=3804"]}]},{"@type":"BreadcrumbList","@id":"https:\/\/www.lova-rgym.com\/?page_id=3804#breadcrumb","itemListElement":[{"@type":"ListItem","position":1,"name":"Accueil","item":"http:\/\/www.lova-rgym.com\/"},{"@type":"ListItem","position":2,"name":"Conditions g\u00e9n\u00e9rales et politique de confidentialit\u00e9"}]},{"@type":"WebSite","@id":"http:\/\/www.lova-rgym.com\/#website","url":"http:\/\/www.lova-rgym.com\/","name":"LovaRgym &amp; Dance","description":"Lova","potentialAction":[{"@type":"SearchAction","target":{"@type":"EntryPoint","urlTemplate":"http:\/\/www.lova-rgym.com\/?s={search_term_string}"},"query-input":"required name=search_term_string"}],"inLanguage":"fr-FR"}]}},"_links":{"self":[{"href":"https:\/\/www.lova-rgym.com\/index.php?rest_route=\/wp\/v2\/pages\/3804","targetHints":{"allow":["GET"]}}],"collection":[{"href":"https:\/\/www.lova-rgym.com\/index.php?rest_route=\/wp\/v2\/pages"}],"about":[{"href":"https:\/\/www.lova-rgym.com\/index.php?rest_route=\/wp\/v2\/types\/page"}],"author":[{"embeddable":true,"href":"https:\/\/www.lova-rgym.com\/index.php?rest_route=\/wp\/v2\/users\/1"}],"replies":[{"embeddable":true,"href":"https:\/\/www.lova-rgym.com\/index.php?rest_route=%2Fwp%2Fv2%2Fcomments&post=3804"}],"version-history":[{"count":4,"href":"https:\/\/www.lova-rgym.com\/index.php?rest_route=\/wp\/v2\/pages\/3804\/revisions"}],"predecessor-version":[{"id":3808,"href":"https:\/\/www.lova-rgym.com\/index.php?rest_route=\/wp\/v2\/pages\/3804\/revisions\/3808"}],"wp:attachment":[{"href":"https:\/\/www.lova-rgym.com\/index.php?rest_route=%2Fwp%2Fv2%2Fmedia&parent=3804"}],"curies":[{"name":"wp","href":"https:\/\/api.w.org\/{rel}","templated":true}]}}